{"id":27,"date":"2020-04-09T15:52:56","date_gmt":"2020-04-09T13:52:56","guid":{"rendered":"http:\/\/dev.steuerberater-schulz.codelords.de\/wirtschaftsberatung\/?page_id=27"},"modified":"2021-02-02T11:39:04","modified_gmt":"2021-02-02T10:39:04","slug":"online-meeting","status":"publish","type":"page","link":"https:\/\/stb-schulz.de\/wirtschaftsberatung\/online-meeting\/","title":{"rendered":"Online-Meeting"},"content":{"rendered":"\t\t<div data-elementor-type=\"wp-page\" data-elementor-id=\"27\" class=\"elementor elementor-27\">\n\t\t\t\t\t\t<section class=\"elementor-section elementor-top-section elementor-element elementor-element-66550b69 elementor-section-boxed elementor-section-height-default elementor-section-height-default\" data-id=\"66550b69\" data-element_type=\"section\">\n\t\t\t\t\t\t<div class=\"elementor-container elementor-column-gap-default\">\n\t\t\t\t\t<div class=\"elementor-column elementor-col-33 elementor-top-column elementor-element elementor-element-1748e19f\" data-id=\"1748e19f\" data-element_type=\"column\">\n\t\t\t<div class=\"elementor-widget-wrap elementor-element-populated\">\n\t\t\t\t\t\t<div class=\"elementor-element elementor-element-5dbf48bf elementor-widget elementor-widget-heading\" data-id=\"5dbf48bf\" data-element_type=\"widget\" data-widget_type=\"heading.default\">\n\t\t\t\t<div class=\"elementor-widget-container\">\n\t\t\t<h1 class=\"elementor-heading-title elementor-size-default\">Online Meeting<\/h1>\t\t<\/div>\n\t\t\t\t<\/div>\n\t\t\t\t<div class=\"elementor-element elementor-element-7121d29a elementor-widget elementor-widget-text-editor\" data-id=\"7121d29a\" data-element_type=\"widget\" data-widget_type=\"text-editor.default\">\n\t\t\t\t<div class=\"elementor-widget-container\">\n\t\t\t\t\t\t\t<p><em>Einfach \u00b7 unkompliziert \u00b7 von Zuhause aus<\/em><\/p><p>Zeit ist eines unser wichtigsten G\u00fcter und wir wissen, dass Ihre Zeit oft Geld ist. F\u00fcr unsere Mandanten bieten wir daher auch die Beratung ganz bequem \u00fcber unsere Online-Plattform.<\/p>\t\t\t\t\t\t<\/div>\n\t\t\t\t<\/div>\n\t\t\t\t<div class=\"elementor-element elementor-element-01cabc4 elementor-widget elementor-widget-button\" data-id=\"01cabc4\" data-element_type=\"widget\" data-widget_type=\"button.default\">\n\t\t\t\t<div class=\"elementor-widget-container\">\n\t\t\t\t\t<div class=\"elementor-button-wrapper\">\n\t\t\t<a class=\"elementor-button elementor-button-link elementor-size-sm elementor-animation-grow\" href=\"https:\/\/goto.com\/de\/meeting\">\n\t\t\t\t\t\t<span class=\"elementor-button-content-wrapper\">\n\t\t\t\t\t\t<span class=\"elementor-button-icon elementor-align-icon-left\">\n\t\t\t\t<i aria-hidden=\"true\" class=\"fas fa-external-link-square\"><\/i>\t\t\t<\/span>\n\t\t\t\t\t\t\t\t\t<span class=\"elementor-button-text\">Hier geht's zum Online-Meeting!<\/span>\n\t\t\t\t\t<\/span>\n\t\t\t\t\t<\/a>\n\t\t<\/div>\n\t\t\t\t<\/div>\n\t\t\t\t<\/div>\n\t\t\t\t<div class=\"elementor-element elementor-element-ff1dd62 elementor-hidden-desktop elementor-hidden-tablet elementor-widget elementor-widget-spacer\" data-id=\"ff1dd62\" data-element_type=\"widget\" data-widget_type=\"spacer.default\">\n\t\t\t\t<div class=\"elementor-widget-container\">\n\t\t\t\t\t<div class=\"elementor-spacer\">\n\t\t\t<div class=\"elementor-spacer-inner\"><\/div>\n\t\t<\/div>\n\t\t\t\t<\/div>\n\t\t\t\t<\/div>\n\t\t\t\t\t<\/div>\n\t\t<\/div>\n\t\t\t\t<div class=\"elementor-column elementor-col-33 elementor-top-column elementor-element elementor-element-4f7a814e\" data-id=\"4f7a814e\" data-element_type=\"column\">\n\t\t\t<div class=\"elementor-widget-wrap\">\n\t\t\t\t\t\t\t<\/div>\n\t\t<\/div>\n\t\t\t\t<div class=\"elementor-column elementor-col-33 elementor-top-column elementor-element elementor-element-704af3aa\" data-id=\"704af3aa\" data-element_type=\"column\">\n\t\t\t<div class=\"elementor-widget-wrap elementor-element-populated\">\n\t\t\t\t\t\t<div class=\"elementor-element elementor-element-68ecee8 elementor-widget elementor-widget-spacer\" data-id=\"68ecee8\" data-element_type=\"widget\" data-widget_type=\"spacer.default\">\n\t\t\t\t<div class=\"elementor-widget-container\">\n\t\t\t\t\t<div class=\"elementor-spacer\">\n\t\t\t<div class=\"elementor-spacer-inner\"><\/div>\n\t\t<\/div>\n\t\t\t\t<\/div>\n\t\t\t\t<\/div>\n\t\t\t\t\t<\/div>\n\t\t<\/div>\n\t\t\t\t\t<\/div>\n\t\t<\/section>\n\t\t\t\t<\/div>\n\t\t","protected":false},"excerpt":{"rendered":"<p>Online Meeting Einfach \u00b7 unkompliziert \u00b7 von Zuhause aus Zeit ist eines unser wichtigsten G\u00fcter und wir wissen, dass Ihre Zeit oft Geld ist. F\u00fcr unsere Mandanten bieten wir daher auch die Beratung ganz bequem \u00fcber unsere Online-Plattform. Hier geht&#8217;s zum Online-Meeting! 05841 \/ 9500 Mail schreiben<\/p>\n","protected":false},"author":1,"featured_media":44,"parent":0,"menu_order":0,"comment_status":"closed","ping_status":"closed","template":"","meta":{"footnotes":""},"yoast_head":"<!-- This site is optimized with the Yoast SEO plugin v22.8 - https:\/\/yoast.com\/wordpress\/plugins\/seo\/ -->\n<title>Online-Meeting - Praxis- &amp; Wirtschaftsberatung Schulz<\/title>\n<meta name=\"robots\" content=\"index, follow, max-snippet:-1, max-image-preview:large, max-video-preview:-1\" \/>\n<link rel=\"canonical\" href=\"https:\/\/stb-schulz.de\/wirtschaftsberatung\/online-meeting\/\" \/>\n<meta property=\"og:locale\" content=\"de_DE\" \/>\n<meta property=\"og:type\" content=\"article\" \/>\n<meta property=\"og:title\" content=\"Online-Meeting - Praxis- &amp; Wirtschaftsberatung Schulz\" \/>\n<meta property=\"og:description\" content=\"Online Meeting Einfach \u00b7 unkompliziert \u00b7 von Zuhause aus Zeit ist eines unser wichtigsten G\u00fcter und wir wissen, dass Ihre Zeit oft Geld ist. F\u00fcr unsere Mandanten bieten wir daher auch die Beratung ganz bequem \u00fcber unsere Online-Plattform. Hier geht&#8217;s zum Online-Meeting! 05841 \/ 9500 Mail schreiben\" \/>\n<meta property=\"og:url\" content=\"https:\/\/stb-schulz.de\/wirtschaftsberatung\/online-meeting\/\" \/>\n<meta property=\"og:site_name\" content=\"Praxis- &amp; Wirtschaftsberatung Schulz\" \/>\n<meta property=\"article:modified_time\" content=\"2021-02-02T10:39:04+00:00\" \/>\n<meta property=\"og:image\" content=\"https:\/\/stb-schulz.de\/wirtschaftsberatung\/wp-content\/uploads\/sites\/3\/2020\/07\/content-preset.jpg\" \/>\n\t<meta property=\"og:image:width\" content=\"1533\" \/>\n\t<meta property=\"og:image:height\" content=\"764\" \/>\n\t<meta property=\"og:image:type\" content=\"image\/jpeg\" \/>\n<meta name=\"twitter:card\" content=\"summary_large_image\" \/>\n<script type=\"application\/ld+json\" class=\"yoast-schema-graph\">{\"@context\":\"https:\/\/schema.org\",\"@graph\":[{\"@type\":\"WebPage\",\"@id\":\"https:\/\/stb-schulz.de\/wirtschaftsberatung\/online-meeting\/\",\"url\":\"https:\/\/stb-schulz.de\/wirtschaftsberatung\/online-meeting\/\",\"name\":\"Online-Meeting - Praxis- &amp; Wirtschaftsberatung Schulz\",\"isPartOf\":{\"@id\":\"https:\/\/stb-schulz.de\/wirtschaftsberatung\/#website\"},\"primaryImageOfPage\":{\"@id\":\"https:\/\/stb-schulz.de\/wirtschaftsberatung\/online-meeting\/#primaryimage\"},\"image\":{\"@id\":\"https:\/\/stb-schulz.de\/wirtschaftsberatung\/online-meeting\/#primaryimage\"},\"thumbnailUrl\":\"https:\/\/stb-schulz.de\/wirtschaftsberatung\/wp-content\/uploads\/sites\/3\/2020\/07\/content-preset.jpg\",\"datePublished\":\"2020-04-09T13:52:56+00:00\",\"dateModified\":\"2021-02-02T10:39:04+00:00\",\"breadcrumb\":{\"@id\":\"https:\/\/stb-schulz.de\/wirtschaftsberatung\/online-meeting\/#breadcrumb\"},\"inLanguage\":\"de-DE\",\"potentialAction\":[{\"@type\":\"ReadAction\",\"target\":[\"https:\/\/stb-schulz.de\/wirtschaftsberatung\/online-meeting\/\"]}]},{\"@type\":\"ImageObject\",\"inLanguage\":\"de-DE\",\"@id\":\"https:\/\/stb-schulz.de\/wirtschaftsberatung\/online-meeting\/#primaryimage\",\"url\":\"https:\/\/stb-schulz.de\/wirtschaftsberatung\/wp-content\/uploads\/sites\/3\/2020\/07\/content-preset.jpg\",\"contentUrl\":\"https:\/\/stb-schulz.de\/wirtschaftsberatung\/wp-content\/uploads\/sites\/3\/2020\/07\/content-preset.jpg\",\"width\":1533,\"height\":764},{\"@type\":\"BreadcrumbList\",\"@id\":\"https:\/\/stb-schulz.de\/wirtschaftsberatung\/online-meeting\/#breadcrumb\",\"itemListElement\":[{\"@type\":\"ListItem\",\"position\":1,\"name\":\"Startseite\",\"item\":\"https:\/\/stb-schulz.de\/wirtschaftsberatung\/\"},{\"@type\":\"ListItem\",\"position\":2,\"name\":\"Online-Meeting\"}]},{\"@type\":\"WebSite\",\"@id\":\"https:\/\/stb-schulz.de\/wirtschaftsberatung\/#website\",\"url\":\"https:\/\/stb-schulz.de\/wirtschaftsberatung\/\",\"name\":\"Praxis- &amp; Wirtschaftsberatung Schulz\",\"description\":\"Praxis- und Wirtschaftsberatung\",\"publisher\":{\"@id\":\"https:\/\/stb-schulz.de\/wirtschaftsberatung\/#organization\"},\"potentialAction\":[{\"@type\":\"SearchAction\",\"target\":{\"@type\":\"EntryPoint\",\"urlTemplate\":\"https:\/\/stb-schulz.de\/wirtschaftsberatung\/?s={search_term_string}\"},\"query-input\":\"required name=search_term_string\"}],\"inLanguage\":\"de-DE\"},{\"@type\":\"Organization\",\"@id\":\"https:\/\/stb-schulz.de\/wirtschaftsberatung\/#organization\",\"name\":\"SCHULZ Steuerberater PartG mbB\",\"url\":\"https:\/\/stb-schulz.de\/wirtschaftsberatung\/\",\"logo\":{\"@type\":\"ImageObject\",\"inLanguage\":\"de-DE\",\"@id\":\"https:\/\/stb-schulz.de\/wirtschaftsberatung\/#\/schema\/logo\/image\/\",\"url\":\"https:\/\/stb-schulz.de\/wirtschaftsberatung\/wp-content\/uploads\/sites\/3\/2020\/11\/cropped-logo_web.png\",\"contentUrl\":\"https:\/\/stb-schulz.de\/wirtschaftsberatung\/wp-content\/uploads\/sites\/3\/2020\/11\/cropped-logo_web.png\",\"width\":1867,\"height\":1867,\"caption\":\"SCHULZ Steuerberater PartG mbB\"},\"image\":{\"@id\":\"https:\/\/stb-schulz.de\/wirtschaftsberatung\/#\/schema\/logo\/image\/\"}}]}<\/script>\n<!-- \/ Yoast SEO plugin. -->","yoast_head_json":{"title":"Online-Meeting - Praxis- &amp; Wirtschaftsberatung Schulz","robots":{"index":"index","follow":"follow","max-snippet":"max-snippet:-1","max-image-preview":"max-image-preview:large","max-video-preview":"max-video-preview:-1"},"canonical":"https:\/\/stb-schulz.de\/wirtschaftsberatung\/online-meeting\/","og_locale":"de_DE","og_type":"article","og_title":"Online-Meeting - Praxis- &amp; Wirtschaftsberatung Schulz","og_description":"Online Meeting Einfach \u00b7 unkompliziert \u00b7 von Zuhause aus Zeit ist eines unser wichtigsten G\u00fcter und wir wissen, dass Ihre Zeit oft Geld ist. F\u00fcr unsere Mandanten bieten wir daher auch die Beratung ganz bequem \u00fcber unsere Online-Plattform. Hier geht&#8217;s zum Online-Meeting! 05841 \/ 9500 Mail schreiben","og_url":"https:\/\/stb-schulz.de\/wirtschaftsberatung\/online-meeting\/","og_site_name":"Praxis- &amp; Wirtschaftsberatung Schulz","article_modified_time":"2021-02-02T10:39:04+00:00","og_image":[{"width":1533,"height":764,"url":"https:\/\/stb-schulz.de\/wirtschaftsberatung\/wp-content\/uploads\/sites\/3\/2020\/07\/content-preset.jpg","type":"image\/jpeg"}],"twitter_card":"summary_large_image","schema":{"@context":"https:\/\/schema.org","@graph":[{"@type":"WebPage","@id":"https:\/\/stb-schulz.de\/wirtschaftsberatung\/online-meeting\/","url":"https:\/\/stb-schulz.de\/wirtschaftsberatung\/online-meeting\/","name":"Online-Meeting - Praxis- &amp; Wirtschaftsberatung Schulz","isPartOf":{"@id":"https:\/\/stb-schulz.de\/wirtschaftsberatung\/#website"},"primaryImageOfPage":{"@id":"https:\/\/stb-schulz.de\/wirtschaftsberatung\/online-meeting\/#primaryimage"},"image":{"@id":"https:\/\/stb-schulz.de\/wirtschaftsberatung\/online-meeting\/#primaryimage"},"thumbnailUrl":"https:\/\/stb-schulz.de\/wirtschaftsberatung\/wp-content\/uploads\/sites\/3\/2020\/07\/content-preset.jpg","datePublished":"2020-04-09T13:52:56+00:00","dateModified":"2021-02-02T10:39:04+00:00","breadcrumb":{"@id":"https:\/\/stb-schulz.de\/wirtschaftsberatung\/online-meeting\/#breadcrumb"},"inLanguage":"de-DE","potentialAction":[{"@type":"ReadAction","target":["https:\/\/stb-schulz.de\/wirtschaftsberatung\/online-meeting\/"]}]},{"@type":"ImageObject","inLanguage":"de-DE","@id":"https:\/\/stb-schulz.de\/wirtschaftsberatung\/online-meeting\/#primaryimage","url":"https:\/\/stb-schulz.de\/wirtschaftsberatung\/wp-content\/uploads\/sites\/3\/2020\/07\/content-preset.jpg","contentUrl":"https:\/\/stb-schulz.de\/wirtschaftsberatung\/wp-content\/uploads\/sites\/3\/2020\/07\/content-preset.jpg","width":1533,"height":764},{"@type":"BreadcrumbList","@id":"https:\/\/stb-schulz.de\/wirtschaftsberatung\/online-meeting\/#breadcrumb","itemListElement":[{"@type":"ListItem","position":1,"name":"Startseite","item":"https:\/\/stb-schulz.de\/wirtschaftsberatung\/"},{"@type":"ListItem","position":2,"name":"Online-Meeting"}]},{"@type":"WebSite","@id":"https:\/\/stb-schulz.de\/wirtschaftsberatung\/#website","url":"https:\/\/stb-schulz.de\/wirtschaftsberatung\/","name":"Praxis- &amp; Wirtschaftsberatung Schulz","description":"Praxis- und Wirtschaftsberatung","publisher":{"@id":"https:\/\/stb-schulz.de\/wirtschaftsberatung\/#organization"},"potentialAction":[{"@type":"SearchAction","target":{"@type":"EntryPoint","urlTemplate":"https:\/\/stb-schulz.de\/wirtschaftsberatung\/?s={search_term_string}"},"query-input":"required name=search_term_string"}],"inLanguage":"de-DE"},{"@type":"Organization","@id":"https:\/\/stb-schulz.de\/wirtschaftsberatung\/#organization","name":"SCHULZ Steuerberater PartG mbB","url":"https:\/\/stb-schulz.de\/wirtschaftsberatung\/","logo":{"@type":"ImageObject","inLanguage":"de-DE","@id":"https:\/\/stb-schulz.de\/wirtschaftsberatung\/#\/schema\/logo\/image\/","url":"https:\/\/stb-schulz.de\/wirtschaftsberatung\/wp-content\/uploads\/sites\/3\/2020\/11\/cropped-logo_web.png","contentUrl":"https:\/\/stb-schulz.de\/wirtschaftsberatung\/wp-content\/uploads\/sites\/3\/2020\/11\/cropped-logo_web.png","width":1867,"height":1867,"caption":"SCHULZ Steuerberater PartG mbB"},"image":{"@id":"https:\/\/stb-schulz.de\/wirtschaftsberatung\/#\/schema\/logo\/image\/"}}]}},"_links":{"self":[{"href":"https:\/\/stb-schulz.de\/wirtschaftsberatung\/wp-json\/wp\/v2\/pages\/27"}],"collection":[{"href":"https:\/\/stb-schulz.de\/wirtschaftsberatung\/wp-json\/wp\/v2\/pages"}],"about":[{"href":"https:\/\/stb-schulz.de\/wirtschaftsberatung\/wp-json\/wp\/v2\/types\/page"}],"author":[{"embeddable":true,"href":"https:\/\/stb-schulz.de\/wirtschaftsberatung\/wp-json\/wp\/v2\/users\/1"}],"replies":[{"embeddable":true,"href":"https:\/\/stb-schulz.de\/wirtschaftsberatung\/wp-json\/wp\/v2\/comments?post=27"}],"version-history":[{"count":0,"href":"https:\/\/stb-schulz.de\/wirtschaftsberatung\/wp-json\/wp\/v2\/pages\/27\/revisions"}],"wp:featuredmedia":[{"embeddable":true,"href":"https:\/\/stb-schulz.de\/wirtschaftsberatung\/wp-json\/wp\/v2\/media\/44"}],"wp:attachment":[{"href":"https:\/\/stb-schulz.de\/wirtschaftsberatung\/wp-json\/wp\/v2\/media?parent=27"}],"curies":[{"name":"wp","href":"https:\/\/api.w.org\/{rel}","templated":true}]}}